{"id":2487,"date":"2021-03-30T14:58:34","date_gmt":"2021-03-30T11:58:34","guid":{"rendered":"https:\/\/edbceviri.atauni.edu.tr\/?page_id=2487"},"modified":"2023-01-02T10:58:29","modified_gmt":"2023-01-02T07:58:29","slug":"ceviri","status":"publish","type":"page","link":"https:\/\/edbceviri.atauni.edu.tr\/index.php\/ceviri\/","title":{"rendered":"\u00c7EV\u0130R\u0130"},"content":{"rendered":"<p>[vc_row][vc_column][vc_column_text]<span style=\"font-size: 14px;\"><\/span><\/p>\r\n<p style=\"font-size: 14px;\"><span style=\"font-size: 14px;\">Atat\u00fcrk \u00dcniversitesi Edebiyat Fak\u00fcltesi b\u00fcnyesinde olu\u015fturulan \u00c7eviri, Aktarma ve Redaksiyon Koordinat\u00f6rl\u00fc\u011f\u00fc \u00e7al\u0131\u015fmalar\u0131 i\u00e7erisinde \u00e7eviri alan\u0131nda Almanca, Arap\u00e7a, Fars\u00e7a, Frans\u0131zca, \u0130ngilizce ve Rus\u00e7adan T\u00fcrk\u00e7eye, T\u00fcrk\u00e7eden de ilgili dillere \u00e7eviri hizmeti sunulmaktad\u0131r. Koordinat\u00f6rl\u00fc\u011f\u00fcm\u00fczde akademik \u00e7eviri alan\u0131nda, \u00f6zet, tez \u00f6zetleri, geni\u015f \u00f6zetler, metin,\u00a0 sunum, proje ve makale metni \u00e7evirileri gibi her t\u00fcrl\u00fc akademik \u00e7al\u0131\u015fmalara y\u00f6nelik \u00e7eviriler verilen \u00e7eviri hizmetleri aras\u0131ndad\u0131r.<\/span><\/p>\r\n<p><span style=\"font-size: 14px;\"><\/span><\/p>\r\n<p><\/p>\r\n<p style=\"font-size: 14px;\"><span style=\"font-size: 14px;\">\u00c7eviri hizmeti \u00e7e\u015fitli bilim dallar\u0131na y\u00f6neliktir ve kendine \u00f6zg\u00fc terminoloji ve terimlere hakimiyeti gerektirir. Koordinat\u00f6rl\u00fc\u011f\u00fcm\u00fczde akademik \u00e7eviri alan\u0131nda, \u00f6zet, tez \u00f6zetleri, geni\u015f \u00f6zetler, metin,\u00a0 sunum, proje ve makale metni \u00e7evirileri gibi her t\u00fcrl\u00fc akademik \u00e7al\u0131\u015fmalara y\u00f6nelik \u00e7eviriler verilen \u00e7eviri hizmetleri aras\u0131ndad\u0131r. \u00c7eviri hizmetimizde, dilerseniz istedi\u011finiz terimlerin kullan\u0131lmas\u0131na y\u00f6nelik olarak kendi terminoloji listenizi bize ula\u015ft\u0131rabilirsiniz.<\/span><\/p>\r\n<p><span style=\"font-size: 14px;\"><\/span><\/p>\r\n<p><\/p>\r\n<p style=\"font-size: 14px;\"><span style=\"font-size: 14px;\">\u00c7evirisi koordinat\u00f6rl\u00fc\u011f\u00fcm\u00fczce ger\u00e7ekle\u015ftirilen akademik \u00e7evirilerde makalenizin dil sebebiyle geri d\u00f6nmesi durumunda \u00fccretsiz olarak revizelerinizi ger\u00e7ekle\u015ftiriyoruz.<\/span><\/p>\r\n<p><span style=\"font-size: 14px;\"><\/span><\/p>\r\n<p><\/p>\r\n<p><br \/><\/p>\r\n<p style=\"font-size: 14px;\"><\/p>\r\n<p>[\/vc_column_text][vc_custom_heading text=&#8221;<strong>\u00c7eviri Talep Formu<\/strong>&#8221; font_container=&#8221;tag:h2|font_size:16|text_align:left|color:%23666666&#8243; use_theme_fonts=&#8221;yes&#8221;][vc_column_text]<\/p>\r\n<p><span style=\"font-size: 14px;\">\u00c7eviri Talep Formuna eri\u015fmek i\u00e7in <a href=\"https:\/\/edbceviri.atauni.edu.tr\/index.php\/ceviri-talep-formu\/\">t\u0131klay\u0131n\u0131z<\/a>.<\/span><\/p>\r\n<p>[\/vc_column_text][\/vc_column][\/vc_row][vc_row][vc_column][vc_custom_heading text=&#8221;<strong>\u00dccretlendirme<\/strong>&#8221; font_container=&#8221;tag:h2|font_size:16|text_align:left|color:%23666666&#8243; use_theme_fonts=&#8221;yes&#8221;][vc_column_text]<span style=\"font-size: 14px;\">\u00c7eviri hizmetimizde \u00f6zet 176TL., geni\u015f \u00f6zet 286 TL.\u2019dir. Standart belgeler (diploma, pasaport, \u00f6\u011frenci belgeleri, kimlik, evlilik c\u00fczdan\u0131) i\u00e7in belirlenen taban fiyat\u0131m\u0131z 176 TL. olup, \u00e7eviri fiyatlar\u0131m\u0131z ilgili dile, i\u015fin niteli\u011fine ve yo\u011funlu\u011funa g\u00f6re de\u011fi\u015fiklik g\u00f6stermekle birlikte d\u00f6k\u00fcmanlar kelime ba\u015f\u0131 1.10 kuru\u015f olarak \u00fccretlendirilmektedir. Aktarma ve redaksiyon hizmetinde belgeler incelendikten sonra dil, nitelik ve yaz\u0131 yo\u011funlu\u011funa g\u00f6re \u00fccretlendirme yap\u0131labilmektedir.<\/span>[\/vc_column_text][vc_custom_heading text=&#8221;<strong>Banka Hesap Numaram\u0131z<\/strong>&#8221; font_container=&#8221;tag:h2|font_size:16|text_align:left|color:%23666666&#8243; use_theme_fonts=&#8221;yes&#8221;][vc_column_text]<\/p>\r\n<p style=\"font-size: 14px;\">Ziraat Bankas\u0131 Erzurum \u015eubesi \u00a0 IBAN TR86 0001 0001 1284 2614 8150 01<\/p>\r\n<p><!-- \/wp:post-content --><br \/><!-- wp:paragraph {\"style\":{\"typography\":{\"fontSize\":14}}} -->[\/vc_column_text][\/vc_column][\/vc_row]<\/p>","protected":false},"excerpt":{"rendered":"<p>[vc_row][vc_column][vc_column_text] Atat\u00fcrk \u00dcniversitesi Edebiyat Fak\u00fcltesi b\u00fcnyesinde olu\u015fturulan \u00c7eviri, Aktarma ve Redaksiyon Koordinat\u00f6rl\u00fc\u011f\u00fc \u00e7al\u0131\u015fmalar\u0131 i\u00e7erisinde \u00e7eviri alan\u0131nda Almanca, Arap\u00e7a, Fars\u00e7a, Frans\u0131zca, \u0130ngilizce ve Rus\u00e7adan T\u00fcrk\u00e7eye, T\u00fcrk\u00e7eden de ilgili dillere \u00e7eviri hizmeti sunulmaktad\u0131r. Koordinat\u00f6rl\u00fc\u011f\u00fcm\u00fczde akademik \u00e7eviri alan\u0131nda, \u00f6zet, tez \u00f6zetleri, geni\u015f \u00f6zetler, metin,\u00a0 sunum, proje ve makale metni \u00e7evirileri gibi her t\u00fcrl\u00fc akademik \u00e7al\u0131\u015fmalara y\u00f6nelik \u00e7eviriler verilen [&hellip;]<\/p>\n","protected":false},"author":1,"featured_media":2681,"parent":0,"menu_order":0,"comment_status":"closed","ping_status":"closed","template":"","meta":{"footnotes":""},"class_list":["post-2487","page","type-page","status-publish","has-post-thumbnail","hentry"],"_links":{"self":[{"href":"https:\/\/edbceviri.atauni.edu.tr\/index.php\/wp-json\/wp\/v2\/pages\/2487","targetHints":{"allow":["GET"]}}],"collection":[{"href":"https:\/\/edbceviri.atauni.edu.tr\/index.php\/wp-json\/wp\/v2\/pages"}],"about":[{"href":"https:\/\/edbceviri.atauni.edu.tr\/index.php\/wp-json\/wp\/v2\/types\/page"}],"author":[{"embeddable":true,"href":"https:\/\/edbceviri.atauni.edu.tr\/index.php\/wp-json\/wp\/v2\/users\/1"}],"replies":[{"embeddable":true,"href":"https:\/\/edbceviri.atauni.edu.tr\/index.php\/wp-json\/wp\/v2\/comments?post=2487"}],"version-history":[{"count":19,"href":"https:\/\/edbceviri.atauni.edu.tr\/index.php\/wp-json\/wp\/v2\/pages\/2487\/revisions"}],"predecessor-version":[{"id":2726,"href":"https:\/\/edbceviri.atauni.edu.tr\/index.php\/wp-json\/wp\/v2\/pages\/2487\/revisions\/2726"}],"wp:featuredmedia":[{"embeddable":true,"href":"https:\/\/edbceviri.atauni.edu.tr\/index.php\/wp-json\/wp\/v2\/media\/2681"}],"wp:attachment":[{"href":"https:\/\/edbceviri.atauni.edu.tr\/index.php\/wp-json\/wp\/v2\/media?parent=2487"}],"curies":[{"name":"wp","href":"https:\/\/api.w.org\/{rel}","templated":true}]}}