{"id":73,"date":"2016-06-14T06:15:58","date_gmt":"2016-06-14T03:15:58","guid":{"rendered":"http:\/\/sw-themes.com\/porto_dummy\/?page_id=73"},"modified":"2021-03-30T16:28:57","modified_gmt":"2021-03-30T13:28:57","slug":"iletisim","status":"publish","type":"page","link":"https:\/\/edbceviri.atauni.edu.tr\/index.php\/iletisim\/","title":{"rendered":"\u0130LET\u0130\u015e\u0130M"},"content":{"rendered":"<p>[vc_row][vc_column][vc_gmaps link=&#8221;#E-8_JTNDaWZyYW1lJTIwc3JjJTNEJTIyaHR0cHMlM0ElMkYlMkZ3d3cuZ29vZ2xlLmNvbSUyRm1hcHMlMkZlbWJlZCUzRnBiJTNEJTIxMW0xOCUyMTFtMTIlMjExbTMlMjExZDYxMjIuMjU5OTcwMDQyNTEzJTIxMmQ0MS4yMzI1MzQyODAwMzIzMDQlMjEzZDM5Ljg5MzcyMTk0NDM3MTgxJTIxMm0zJTIxMWYwJTIxMmYwJTIxM2YwJTIxM20yJTIxMWkxMDI0JTIxMmk3NjglMjE0ZjEzLjElMjEzbTMlMjExbTIlMjExczB4MCUyNTNBMHgzOWIxNGMxOGEzMTVhODZjJTIxMnNBdGF0JTI1QzMlMjVCQ3JrJTI1MjAlMjVDMyUyNTlDbml2ZXJzaXRlc2klMjUyMFllbmklMjUyMEVkZWJpeWF0JTI1MjBGYWslMjVDMyUyNUJDbHRlc2klMjE1ZTAlMjEzbTIlMjExc3RyJTIxMnN0ciUyMTR2MTYxNzEwNDgyNDMwNiUyMTVtMiUyMTFzdHIlMjEyc3RyJTIyJTIwd2lkdGglM0QlMjI2MDAlMjIlMjBoZWlnaHQlM0QlMjI0NTAlMjIlMjBzdHlsZSUzRCUyMmJvcmRlciUzQTAlM0IlMjIlMjBhbGxvd2Z1bGxzY3JlZW4lM0QlMjIlMjIlMjBsb2FkaW5nJTNEJTIybGF6eSUyMiUzRSUzQyUyRmlmcmFtZSUzRQ==&#8221;][\/vc_column][\/vc_row][vc_row wrap_container=&#8221;yes&#8221; el_class=&#8221;m-b-xl&#8221;][vc_column width=&#8221;1\/2&#8243;]<div role=\"form\" class=\"wpcf7\" id=\"wpcf7-f74-o1\" lang=\"en-US\" dir=\"ltr\">\n<div class=\"screen-reader-response\"><p role=\"status\" aria-live=\"polite\" aria-atomic=\"true\"><\/p> <ul><\/ul><\/div>\n<form action=\"\/index.php\/wp-json\/wp\/v2\/pages\/73#wpcf7-f74-o1\" method=\"post\" class=\"wpcf7-form init\" novalidate=\"novalidate\" data-status=\"init\">\n<div style=\"display: none;\">\n<input type=\"hidden\" name=\"_wpcf7\" value=\"74\" \/>\n<input type=\"hidden\" name=\"_wpcf7_version\" value=\"5.4\" \/>\n<input type=\"hidden\" name=\"_wpcf7_locale\" value=\"en_US\" \/>\n<input type=\"hidden\" name=\"_wpcf7_unit_tag\" value=\"wpcf7-f74-o1\" \/>\n<input type=\"hidden\" name=\"_wpcf7_container_post\" value=\"0\" \/>\n<input type=\"hidden\" name=\"_wpcf7_posted_data_hash\" value=\"\" \/>\n<\/div>\n<h2 class=\"short mb-2\"><b>\u0130leti\u015fim<\/b> Formu<\/h2>\n<p class=\"mb-5\">\n<div class=\"row form-row\">\n<div class=\"col-lg-6\">\n<div class=\"form-group\">\n            <label for=\"contact-name\" class=\"font-weight-bold text-dark\">\u0130sminiz *<\/label><br \/>\n            <span class=\"wpcf7-form-control-wrap your-name\"><input type=\"text\" name=\"your-name\" value=\"\" size=\"40\" class=\"wpcf7-form-control wpcf7-text wpcf7-validates-as-required form-control\" id=\"contact-name\" aria-required=\"true\" aria-invalid=\"false\" \/><\/span>\n        <\/div>\n<\/div>\n<div class=\"col-lg-6\">\n<div class=\"form-group\">\n            <label for=\"contact-email\" class=\"font-weight-bold text-dark\">E-Mail Adresiniz *<\/label><br \/>\n            <span class=\"wpcf7-form-control-wrap your-email\"><input type=\"email\" name=\"your-email\" value=\"\" size=\"40\" class=\"wpcf7-form-control wpcf7-text wpcf7-email wpcf7-validates-as-required wpcf7-validates-as-email form-control\" id=\"contact-email\" aria-required=\"true\" aria-invalid=\"false\" \/><\/span>\n        <\/div>\n<\/div>\n<div class=\"col-lg-12\">\n<div class=\"form-group\">\n            <label for=\"contact-subject\" class=\"font-weight-bold text-dark\">Konu<\/label><br \/>\n            <span class=\"wpcf7-form-control-wrap your-subject\"><input type=\"text\" name=\"your-subject\" value=\"\" size=\"40\" class=\"wpcf7-form-control wpcf7-text form-control\" id=\"contact-subject\" aria-invalid=\"false\" \/><\/span>\n        <\/div>\n<\/div>\n<div class=\"col-lg-12\">\n<div class=\"form-group\">\n            <label for=\"contact-message\" class=\"font-weight-bold text-dark\">Mesaj\u0131n\u0131z<\/label><br \/>\n            <span class=\"wpcf7-form-control-wrap your-message\"><textarea name=\"your-message\" cols=\"40\" rows=\"10\" class=\"wpcf7-form-control wpcf7-textarea form-control\" id=\"contact-message\" aria-invalid=\"false\"><\/textarea><\/span>\n        <\/div>\n<\/div>\n<div class=\"col-lg-12\">\n<div class=\"form-group\">\n            <input type=\"submit\" value=\"Mesaj\u0131 G\u00f6nder\" class=\"wpcf7-form-control wpcf7-submit btn btn-primary btn-modern\" \/>\n        <\/div>\n<\/div>\n<\/div>\n<div class=\"wpcf7-response-output\" aria-hidden=\"true\"><\/div><\/form><\/div>[\/vc_column][vc_column width=&#8221;1\/2&#8243; el_class=&#8221;info-box-small&#8221;][vc_custom_heading text=&#8221;\u0130leti\u015fim <strong>Bilgilerimiz<\/strong>&#8221; font_container=&#8221;tag:h4|text_align:left&#8221; use_theme_fonts=&#8221;yes&#8221; skin=&#8221;dark&#8221;]<div class=\"porto-sicon-box style_1 default-icon\"><div class=\"porto-sicon-default\"><div id=\"porto-icon-195528161969ef4c7e98b60\" class=\"porto-just-icon-wrapper\" style=\"text-align:center;\">\n<div class=\"porto-icon advanced \"  style=\"color:#55a061;border-style:solid;border-color:#55a061;border-width:1px;width:25px;height:25px;line-height:25px;border-radius:25px;font-size:12px;display:inline-block;\">\n\t<i class=\"fas fa-map-marker-alt\"><\/i>\n<\/div><\/div><\/div><div class=\"porto-sicon-header\" ><p><strong>Adres:<\/strong> Atat\u00fcrk \u00dcniversitesi Edebiyat Fak\u00fcltesi, \u00c7eviri Aktarma ve Redaksiyon Koordinat\u00f6rl\u00fc\u011f\u00fc 25240 Erzurum, T\u00fcrkiye<\/p><\/div> <!-- header --><\/div> <!-- porto-sicon-box --><div class=\"porto-sicon-box style_1 default-icon\"><div class=\"porto-sicon-default\"><div id=\"porto-icon-20855032069ef4c7e993d9\" class=\"porto-just-icon-wrapper\" style=\"text-align:center;\">\n<div class=\"porto-icon advanced \"  style=\"color:#55a061;border-style:solid;border-color:#55a061;border-width:1px;width:25px;height:25px;line-height:25px;border-radius:25px;font-size:12px;display:inline-block;\">\n\t<i class=\"fas fa-phone\"><\/i>\n<\/div><\/div><\/div><div class=\"porto-sicon-header\" ><p><strong>Telefon<\/strong>: 0 (442) 231-8177 \/\/ 0 (442) 231-8268<\/p><\/div> <!-- header --><\/div> <!-- porto-sicon-box --><div class=\"porto-sicon-box style_1 default-icon\"><div class=\"porto-sicon-default\"><div id=\"porto-icon-166342291069ef4c7e99b21\" class=\"porto-just-icon-wrapper\" style=\"text-align:center;\">\n<div class=\"porto-icon advanced \"  style=\"color:#55a061;border-style:solid;border-color:#55a061;border-width:1px;width:25px;height:25px;line-height:25px;border-radius:25px;font-size:12px;display:inline-block;\">\n\t<i class=\"fas fa-envelope-open\"><\/i>\n<\/div><\/div><\/div><div class=\"porto-sicon-header\" ><p><strong>Email<\/strong>: edbceviri@atauni.edu.tr<\/p><\/div> <!-- header --><\/div> <!-- porto-sicon-box -->[\/vc_column][\/vc_row]<\/p>\n","protected":false},"excerpt":{"rendered":"<p>[vc_row][vc_column][vc_gmaps link=&#8221;#E-8_JTNDaWZyYW1lJTIwc3JjJTNEJTIyaHR0cHMlM0ElMkYlMkZ3d3cuZ29vZ2xlLmNvbSUyRm1hcHMlMkZlbWJlZCUzRnBiJTNEJTIxMW0xOCUyMTFtMTIlMjExbTMlMjExZDYxMjIuMjU5OTcwMDQyNTEzJTIxMmQ0MS4yMzI1MzQyODAwMzIzMDQlMjEzZDM5Ljg5MzcyMTk0NDM3MTgxJTIxMm0zJTIxMWYwJTIxMmYwJTIxM2YwJTIxM20yJTIxMWkxMDI0JTIxMmk3NjglMjE0ZjEzLjElMjEzbTMlMjExbTIlMjExczB4MCUyNTNBMHgzOWIxNGMxOGEzMTVhODZjJTIxMnNBdGF0JTI1QzMlMjVCQ3JrJTI1MjAlMjVDMyUyNTlDbml2ZXJzaXRlc2klMjUyMFllbmklMjUyMEVkZWJpeWF0JTI1MjBGYWslMjVDMyUyNUJDbHRlc2klMjE1ZTAlMjEzbTIlMjExc3RyJTIxMnN0ciUyMTR2MTYxNzEwNDgyNDMwNiUyMTVtMiUyMTFzdHIlMjEyc3RyJTIyJTIwd2lkdGglM0QlMjI2MDAlMjIlMjBoZWlnaHQlM0QlMjI0NTAlMjIlMjBzdHlsZSUzRCUyMmJvcmRlciUzQTAlM0IlMjIlMjBhbGxvd2Z1bGxzY3JlZW4lM0QlMjIlMjIlMjBsb2FkaW5nJTNEJTIybGF6eSUyMiUzRSUzQyUyRmlmcmFtZSUzRQ==&#8221;][\/vc_column][\/vc_row][vc_row wrap_container=&#8221;yes&#8221; el_class=&#8221;m-b-xl&#8221;][vc_column width=&#8221;1\/2&#8243;][\/vc_column][vc_column width=&#8221;1\/2&#8243; el_class=&#8221;info-box-small&#8221;][vc_custom_heading text=&#8221;\u0130leti\u015fim Bilgilerimiz&#8221; font_container=&#8221;tag:h4|text_align:left&#8221; use_theme_fonts=&#8221;yes&#8221; skin=&#8221;dark&#8221;][\/vc_column][\/vc_row]<\/p>\n","protected":false},"author":1,"featured_media":0,"parent":0,"menu_order":0,"comment_status":"closed","ping_status":"closed","template":"","meta":{"footnotes":""},"class_list":["post-73","page","type-page","status-publish","hentry"],"_links":{"self":[{"href":"https:\/\/edbceviri.atauni.edu.tr\/index.php\/wp-json\/wp\/v2\/pages\/73","targetHints":{"allow":["GET"]}}],"collection":[{"href":"https:\/\/edbceviri.atauni.edu.tr\/index.php\/wp-json\/wp\/v2\/pages"}],"about":[{"href":"https:\/\/edbceviri.atauni.edu.tr\/index.php\/wp-json\/wp\/v2\/types\/page"}],"author":[{"embeddable":true,"href":"https:\/\/edbceviri.atauni.edu.tr\/index.php\/wp-json\/wp\/v2\/users\/1"}],"replies":[{"embeddable":true,"href":"https:\/\/edbceviri.atauni.edu.tr\/index.php\/wp-json\/wp\/v2\/comments?post=73"}],"version-history":[{"count":8,"href":"https:\/\/edbceviri.atauni.edu.tr\/index.php\/wp-json\/wp\/v2\/pages\/73\/revisions"}],"predecessor-version":[{"id":2519,"href":"https:\/\/edbceviri.atauni.edu.tr\/index.php\/wp-json\/wp\/v2\/pages\/73\/revisions\/2519"}],"wp:attachment":[{"href":"https:\/\/edbceviri.atauni.edu.tr\/index.php\/wp-json\/wp\/v2\/media?parent=73"}],"curies":[{"name":"wp","href":"https:\/\/api.w.org\/{rel}","templated":true}]}}